{"id":2551,"date":"2025-07-21T13:00:00","date_gmt":"2025-07-21T13:00:00","guid":{"rendered":"https:\/\/www.homanablak.hu\/?page_id=2551"},"modified":"2025-07-21T13:54:17","modified_gmt":"2025-07-21T13:54:17","slug":"ginop","status":"publish","type":"page","link":"https:\/\/www.homanablak.hu\/hr\/ginop\/","title":{"rendered":"GINOP-4.1.2"},"content":{"rendered":"<div data-elementor-type=\"wp-page\" data-elementor-id=\"2551\" class=\"elementor elementor-2551\" data-elementor-settings=\"{&quot;element_pack_global_tooltip_width&quot;:{&quot;unit&quot;:&quot;px&quot;,&quot;size&quot;:&quot;&quot;,&quot;sizes&quot;:[]},&quot;element_pack_global_tooltip_width_tablet&quot;:{&quot;unit&quot;:&quot;px&quot;,&quot;size&quot;:&quot;&quot;,&quot;sizes&quot;:[]},&quot;element_pack_global_tooltip_width_mobile&quot;:{&quot;unit&quot;:&quot;px&quot;,&quot;size&quot;:&quot;&quot;,&quot;sizes&quot;:[]},&quot;element_pack_global_tooltip_padding&quot;:{&quot;unit&quot;:&quot;px&quot;,&quot;top&quot;:&quot;&quot;,&quot;right&quot;:&quot;&quot;,&quot;bottom&quot;:&quot;&quot;,&quot;left&quot;:&quot;&quot;,&quot;isLinked&quot;:true},&quot;element_pack_global_tooltip_padding_tablet&quot;:{&quot;unit&quot;:&quot;px&quot;,&quot;top&quot;:&quot;&quot;,&quot;right&quot;:&quot;&quot;,&quot;bottom&quot;:&quot;&quot;,&quot;left&quot;:&quot;&quot;,&quot;isLinked&quot;:true},&quot;element_pack_global_tooltip_padding_mobile&quot;:{&quot;unit&quot;:&quot;px&quot;,&quot;top&quot;:&quot;&quot;,&quot;right&quot;:&quot;&quot;,&quot;bottom&quot;:&quot;&quot;,&quot;left&quot;:&quot;&quot;,&quot;isLinked&quot;:true},&quot;element_pack_global_tooltip_border_radius&quot;:{&quot;unit&quot;:&quot;px&quot;,&quot;top&quot;:&quot;&quot;,&quot;right&quot;:&quot;&quot;,&quot;bottom&quot;:&quot;&quot;,&quot;left&quot;:&quot;&quot;,&quot;isLinked&quot;:true},&quot;element_pack_global_tooltip_border_radius_tablet&quot;:{&quot;unit&quot;:&quot;px&quot;,&quot;top&quot;:&quot;&quot;,&quot;right&quot;:&quot;&quot;,&quot;bottom&quot;:&quot;&quot;,&quot;left&quot;:&quot;&quot;,&quot;isLinked&quot;:true},&quot;element_pack_global_tooltip_border_radius_mobile&quot;:{&quot;unit&quot;:&quot;px&quot;,&quot;top&quot;:&quot;&quot;,&quot;right&quot;:&quot;&quot;,&quot;bottom&quot;:&quot;&quot;,&quot;left&quot;:&quot;&quot;,&quot;isLinked&quot;:true}}\" data-elementor-post-type=\"page\">\n\t\t\t\t<div class=\"elementor-element elementor-element-a2a22a4 e-flex e-con-boxed e-con e-parent\" data-id=\"a2a22a4\" data-element_type=\"container\">\n\t\t\t\t\t<div class=\"e-con-inner\">\n\t\t\t\t<div class=\"elementor-element elementor-element-3225ac1 elementor-widget elementor-widget-heading\" data-id=\"3225ac1\" data-element_type=\"widget\" data-widget_type=\"heading.default\">\n\t\t\t\t<div class=\"elementor-widget-container\">\n\t\t\t\t\t<h2 class=\"elementor-heading-title elementor-size-default\">Meg\u00fajul\u00f3 energia haszn\u00e1lat\u00e1val megval\u00f3sul\u00f3 \u00e9p\u00fcletenergetikai fejleszt\u00e9s a HZH-TRADE Kft-\nn\u00e9l<\/h2>\t\t\t\t<\/div>\n\t\t\t\t<\/div>\n\t\t\t\t\t<\/div>\n\t\t\t\t<\/div>\n\t\t<div class=\"elementor-element elementor-element-ddf63e5 e-flex e-con-boxed e-con e-parent\" data-id=\"ddf63e5\" data-element_type=\"container\">\n\t\t\t\t\t<div class=\"e-con-inner\">\n\t\t<div class=\"elementor-element elementor-element-00867df e-con-full e-flex e-con e-child\" data-id=\"00867df\" data-element_type=\"container\">\n\t\t\t\t<div class=\"elementor-element elementor-element-5d59ce4 elementor-widget elementor-widget-text-editor\" data-id=\"5d59ce4\" data-element_type=\"widget\" data-widget_type=\"text-editor.default\">\n\t\t\t\t<div class=\"elementor-widget-container\">\n\t\t\t\t\t\t\t\t\t<p><strong>A projekt tartalm\u00e1nak bemutat\u00e1sa:<\/strong><\/p>\t\t\t\t\t\t\t\t<\/div>\n\t\t\t\t<\/div>\n\t\t\t\t<div class=\"elementor-element elementor-element-4343e49 elementor-widget elementor-widget-text-editor\" data-id=\"4343e49\" data-element_type=\"widget\" data-widget_type=\"text-editor.default\">\n\t\t\t\t<div class=\"elementor-widget-container\">\n\t\t\t\t\t\t\t\t\t<p>A p\u00e1ly\u00e1zat m\u0171szaki tartalm\u00e1t k\u00e9pezi a v\u00e1llalkoz\u00e1s 8800 Nagykanizsa, Csengery utca 111. B. \u00e9p alatti telephely\u00e9nek energetikai korszer\u0171s\u00edt\u00e9se. A fejleszt\u00e9s keret\u00e9ben elk\u00e9sz\u00fcl az \u00e9p\u00fclet ut\u00f3lagos homlokzati h\u0151szigetel\u00e9se 15 cm vtg. EPS h\u0151szigetel\u0151 rendszerrel, m\u00edg a padl\u00e1sf\u00f6d\u00e9m 24 cm vtg. sz\u00e1las h\u0151szigetel\u00e9s ter\u00edt\u00e9st kap. A homlokzati ny\u00edl\u00e1sz\u00e1r\u00f3k bont\u00e1s\u00e1t k\u00f6vet\u0151en korszer\u0171-, h\u0151szigetelt \u00fcvegez\u00e9s\u0171 m\u0171anyag tok- sz\u00e1rnyszerkezet\u0171 ablakok-ajt\u00f3k ker\u00fclnek elhelyez\u00e9sre. Az \u00e9p\u00fcletben \u00faj f\u0171t\u00e9si-, HMV rendszer ker\u00fcl ki\u00e9p\u00edt\u00e9sre kondenz\u00e1ci\u00f3s \u00fczem\u0171 kombi g\u00e1zkaz\u00e1n h\u0151termel\u0151vel, radi\u00e1toros h\u0151lead\u00e1ssal. Az \u00e9p\u00fclet villamos energia ig\u00e9ny\u00e9nek ell\u00e1t\u00e1s\u00e1ra 12,88 kWp teljes\u00edtm\u00e9ny\u0171 napelemes rendszer telep\u00fcl. A fejleszt\u00e9s megval\u00f3s\u00edt\u00e1s\u00e1val \u00f6sszess\u00e9g\u00e9ben a jelenleg HH, azaz gyenge energetikai besorol\u00e1s\u00fa \u00e9p\u00fclet BB, azaz k\u00f6zel nulla energiaig\u00e9ny\u0171 besorol\u00e1s\u00fav\u00e1 v\u00e1lik. A beruh\u00e1z\u00e1s teh\u00e1t \u00f6nmag\u00e1ban is nagym\u00e9rt\u00e9kben hozz\u00e1j\u00e1rul az energiahat\u00e9konys\u00e1g javul\u00e1s\u00e1hoz, az \u00fcvegh\u00e1zhat\u00e1s\u00fa g\u00e1zok kibocs\u00e1t\u00e1s cs\u00f6kken\u00e9s\u00e9hez, a meg\u00fajul\u00f3 energi\u00e1t hasznos\u00edt\u00f3 berendez\u00e9sek pedig k\u00f6rnyezettudatos gondolkod\u00e1st k\u00f6zvet\u00edtenek a v\u00e1llalkoz\u00e1s k\u00f6rnyezete fel\u00e9.<\/p>\t\t\t\t\t\t\t\t<\/div>\n\t\t\t\t<\/div>\n\t\t\t\t<\/div>\n\t\t<div class=\"elementor-element elementor-element-b9644b0 e-con-full e-flex e-con e-child\" data-id=\"b9644b0\" data-element_type=\"container\" data-settings=\"{&quot;background_background&quot;:&quot;classic&quot;,&quot;sticky&quot;:&quot;top&quot;,&quot;sticky_offset&quot;:110,&quot;sticky_parent&quot;:&quot;yes&quot;,&quot;sticky_on&quot;:[&quot;desktop&quot;],&quot;sticky_effects_offset&quot;:0,&quot;sticky_anchor_link_offset&quot;:0}\">\n\t\t\t\t<div class=\"elementor-element elementor-element-bfa19c5 elementor-widget elementor-widget-text-editor\" data-id=\"bfa19c5\" data-element_type=\"widget\" data-widget_type=\"text-editor.default\">\n\t\t\t\t<div class=\"elementor-widget-container\">\n\t\t\t\t\t\t\t\t\t<p><strong>Kedvezm\u00e9nyezett neve: <\/strong>HZH-TRADE Kft.<\/p>\t\t\t\t\t\t\t\t<\/div>\n\t\t\t\t<\/div>\n\t\t\t\t<div class=\"elementor-element elementor-element-3b6a1b2 elementor-widget elementor-widget-text-editor\" data-id=\"3b6a1b2\" data-element_type=\"widget\" data-widget_type=\"text-editor.default\">\n\t\t\t\t<div class=\"elementor-widget-container\">\n\t\t\t\t\t\t\t\t\t<p><strong>Projekt c\u00edme: <\/strong>Meg\u00fajul\u00f3 energia haszn\u00e1lat\u00e1val megval\u00f3sul\u00f3 \u00e9p\u00fcletenergetikai fejleszt\u00e9s a HZH-TRADE Kft-n\u00e9l<\/p>\t\t\t\t\t\t\t\t<\/div>\n\t\t\t\t<\/div>\n\t\t\t\t<div class=\"elementor-element elementor-element-70eed7e elementor-widget elementor-widget-text-editor\" data-id=\"70eed7e\" data-element_type=\"widget\" data-widget_type=\"text-editor.default\">\n\t\t\t\t<div class=\"elementor-widget-container\">\n\t\t\t\t\t\t\t\t\t<p><strong>T\u00e1mogat\u00e1s \u00f6sszege: <\/strong>17 052 155,- Ft<\/p>\t\t\t\t\t\t\t\t<\/div>\n\t\t\t\t<\/div>\n\t\t\t\t<div class=\"elementor-element elementor-element-70844db elementor-widget elementor-widget-text-editor\" data-id=\"70844db\" data-element_type=\"widget\" data-widget_type=\"text-editor.default\">\n\t\t\t\t<div class=\"elementor-widget-container\">\n\t\t\t\t\t\t\t\t\t<p><strong>T\u00e1mogat\u00e1s m\u00e9rt\u00e9ke:<\/strong> 50 %<\/p>\t\t\t\t\t\t\t\t<\/div>\n\t\t\t\t<\/div>\n\t\t\t\t<div class=\"elementor-element elementor-element-bf5208d elementor-widget elementor-widget-text-editor\" data-id=\"bf5208d\" data-element_type=\"widget\" data-widget_type=\"text-editor.default\">\n\t\t\t\t<div class=\"elementor-widget-container\">\n\t\t\t\t\t\t\t\t\t<p><strong>Projekt kezdete:<\/strong> 2019.10.17.<\/p>\t\t\t\t\t\t\t\t<\/div>\n\t\t\t\t<\/div>\n\t\t\t\t<div class=\"elementor-element elementor-element-9e10a5c elementor-widget elementor-widget-text-editor\" data-id=\"9e10a5c\" data-element_type=\"widget\" data-widget_type=\"text-editor.default\">\n\t\t\t\t<div class=\"elementor-widget-container\">\n\t\t\t\t\t\t\t\t\t<p><strong>Projekt tervezett befejez\u00e9si d\u00e1tuma:<\/strong> 2021.03.31<\/p>\t\t\t\t\t\t\t\t<\/div>\n\t\t\t\t<\/div>\n\t\t\t\t<div class=\"elementor-element elementor-element-1a04356 elementor-widget elementor-widget-text-editor\" data-id=\"1a04356\" data-element_type=\"widget\" data-widget_type=\"text-editor.default\">\n\t\t\t\t<div class=\"elementor-widget-container\">\n\t\t\t\t\t\t\t\t\t<p><strong>Projekt azonos\u00edt\u00f3 sz\u00e1ma:<\/strong> GINOP-4.1.2-18-2019-00384<\/p>\t\t\t\t\t\t\t\t<\/div>\n\t\t\t\t<\/div>\n\t\t\t\t<\/div>\n\t\t\t\t\t<\/div>\n\t\t\t\t<\/div>\n\t\t\t\t<\/div>","protected":false},"excerpt":{"rendered":"<p>Meg\u00fajul\u00f3 energia haszn\u00e1lat\u00e1val megval\u00f3sul\u00f3 \u00e9p\u00fcletenergetikai fejleszt\u00e9s a HZH-TRADE Kft- n\u00e9l A projekt tartalm\u00e1nak bemutat\u00e1sa: A p\u00e1ly\u00e1zat m\u0171szaki tartalm\u00e1t k\u00e9pezi a v\u00e1llalkoz\u00e1s 8800 [&hellip;]<\/p>","protected":false},"author":4,"featured_media":0,"parent":0,"menu_order":0,"comment_status":"closed","ping_status":"closed","template":"","meta":{"_seopress_robots_primary_cat":"","_seopress_titles_title":"","_seopress_titles_desc":"","_seopress_robots_index":"","footnotes":""},"class_list":["post-2551","page","type-page","status-publish","hentry"],"_links":{"self":[{"href":"https:\/\/www.homanablak.hu\/hr\/wp-json\/wp\/v2\/pages\/2551","targetHints":{"allow":["GET"]}}],"collection":[{"href":"https:\/\/www.homanablak.hu\/hr\/wp-json\/wp\/v2\/pages"}],"about":[{"href":"https:\/\/www.homanablak.hu\/hr\/wp-json\/wp\/v2\/types\/page"}],"author":[{"embeddable":true,"href":"https:\/\/www.homanablak.hu\/hr\/wp-json\/wp\/v2\/users\/4"}],"replies":[{"embeddable":true,"href":"https:\/\/www.homanablak.hu\/hr\/wp-json\/wp\/v2\/comments?post=2551"}],"version-history":[{"count":0,"href":"https:\/\/www.homanablak.hu\/hr\/wp-json\/wp\/v2\/pages\/2551\/revisions"}],"wp:attachment":[{"href":"https:\/\/www.homanablak.hu\/hr\/wp-json\/wp\/v2\/media?parent=2551"}],"curies":[{"name":"wp","href":"https:\/\/api.w.org\/{rel}","templated":true}]}}