{"id":2426,"date":"2023-09-29T09:59:45","date_gmt":"2023-09-29T09:59:45","guid":{"rendered":"https:\/\/www.homanablak.hu\/?page_id=2426"},"modified":"2023-10-05T13:05:47","modified_gmt":"2023-10-05T13:05:47","slug":"priloznost-za-sluzbo","status":"publish","type":"page","link":"https:\/\/www.homanablak.hu\/hr\/karrier\/priloznost-za-sluzbo\/","title":{"rendered":"PRILO\u017dNOST ZA SLU\u017dBO"},"content":{"rendered":"<div data-elementor-type=\"wp-page\" data-elementor-id=\"2426\" class=\"elementor elementor-2426\" data-elementor-settings=\"{&quot;element_pack_global_tooltip_width&quot;:{&quot;unit&quot;:&quot;px&quot;,&quot;size&quot;:&quot;&quot;,&quot;sizes&quot;:[]},&quot;element_pack_global_tooltip_width_tablet&quot;:{&quot;unit&quot;:&quot;px&quot;,&quot;size&quot;:&quot;&quot;,&quot;sizes&quot;:[]},&quot;element_pack_global_tooltip_width_mobile&quot;:{&quot;unit&quot;:&quot;px&quot;,&quot;size&quot;:&quot;&quot;,&quot;sizes&quot;:[]},&quot;element_pack_global_tooltip_padding&quot;:{&quot;unit&quot;:&quot;px&quot;,&quot;top&quot;:&quot;&quot;,&quot;right&quot;:&quot;&quot;,&quot;bottom&quot;:&quot;&quot;,&quot;left&quot;:&quot;&quot;,&quot;isLinked&quot;:true},&quot;element_pack_global_tooltip_padding_tablet&quot;:{&quot;unit&quot;:&quot;px&quot;,&quot;top&quot;:&quot;&quot;,&quot;right&quot;:&quot;&quot;,&quot;bottom&quot;:&quot;&quot;,&quot;left&quot;:&quot;&quot;,&quot;isLinked&quot;:true},&quot;element_pack_global_tooltip_padding_mobile&quot;:{&quot;unit&quot;:&quot;px&quot;,&quot;top&quot;:&quot;&quot;,&quot;right&quot;:&quot;&quot;,&quot;bottom&quot;:&quot;&quot;,&quot;left&quot;:&quot;&quot;,&quot;isLinked&quot;:true},&quot;element_pack_global_tooltip_border_radius&quot;:{&quot;unit&quot;:&quot;px&quot;,&quot;top&quot;:&quot;&quot;,&quot;right&quot;:&quot;&quot;,&quot;bottom&quot;:&quot;&quot;,&quot;left&quot;:&quot;&quot;,&quot;isLinked&quot;:true},&quot;element_pack_global_tooltip_border_radius_tablet&quot;:{&quot;unit&quot;:&quot;px&quot;,&quot;top&quot;:&quot;&quot;,&quot;right&quot;:&quot;&quot;,&quot;bottom&quot;:&quot;&quot;,&quot;left&quot;:&quot;&quot;,&quot;isLinked&quot;:true},&quot;element_pack_global_tooltip_border_radius_mobile&quot;:{&quot;unit&quot;:&quot;px&quot;,&quot;top&quot;:&quot;&quot;,&quot;right&quot;:&quot;&quot;,&quot;bottom&quot;:&quot;&quot;,&quot;left&quot;:&quot;&quot;,&quot;isLinked&quot;:true}}\" data-elementor-post-type=\"page\">\n\t\t\t\t\t\t<section class=\"elementor-section elementor-top-section elementor-element elementor-element-241cf2e elementor-section-boxed elementor-section-height-default elementor-section-height-default\" data-id=\"241cf2e\" data-element_type=\"section\">\n\t\t\t\t\t\t<div class=\"elementor-container elementor-column-gap-default\">\n\t\t\t\t\t<div class=\"elementor-column elementor-col-100 elementor-top-column elementor-element elementor-element-71821d3\" data-id=\"71821d3\" data-element_type=\"column\">\n\t\t\t<div class=\"elementor-widget-wrap elementor-element-populated\">\n\t\t\t\t\t\t<div class=\"elementor-element elementor-element-4a72507 elementor-widget elementor-widget-text-editor\" data-id=\"4a72507\" data-element_type=\"widget\" data-widget_type=\"text-editor.default\">\n\t\t\t\t<div class=\"elementor-widget-container\">\n\t\t\t\t\t\t\t\t\t<p>H\u00d3MAN ABLAK\u00a0 i\u0161\u010de\u00a0 hrva\u0161ko in\/ ali\u00a0 slovensko\u00a0 govore\u010dega\u00a0 komercialista za prodaja pergol, drsnih in zlo\u017eljivih steklenih sten.<\/p><p>Poleg mad\u017ear\u0161\u010dine je obvezno znanje hrva\u0161kega in\/ali slovenskega jezika!<\/p><p>Znanje drugih jezikov je prednost!\u00a0 <a href=\"mailto:ugyvezeto@homanablak.hu\">ugyvezeto@homanablak.hu<\/a>.<\/p>\t\t\t\t\t\t\t\t<\/div>\n\t\t\t\t<\/div>\n\t\t\t\t\t<\/div>\n\t\t<\/div>\n\t\t\t\t\t<\/div>\n\t\t<\/section>\n\t\t\t\t<\/div>","protected":false},"excerpt":{"rendered":"<p>H\u00d3MAN ABLAK\u00a0 i\u0161\u010de\u00a0 hrva\u0161ko in\/ ali\u00a0 slovensko\u00a0 govore\u010dega\u00a0 komercialista za prodaja pergol, drsnih in zlo\u017eljivih steklenih sten. Poleg mad\u017ear\u0161\u010dine je obvezno znanje [&hellip;]<\/p>","protected":false},"author":1,"featured_media":0,"parent":2423,"menu_order":0,"comment_status":"closed","ping_status":"closed","template":"","meta":{"_seopress_robots_primary_cat":"","_seopress_titles_title":"","_seopress_titles_desc":"","_seopress_robots_index":"","footnotes":""},"class_list":["post-2426","page","type-page","status-publish","hentry"],"_links":{"self":[{"href":"https:\/\/www.homanablak.hu\/hr\/wp-json\/wp\/v2\/pages\/2426","targetHints":{"allow":["GET"]}}],"collection":[{"href":"https:\/\/www.homanablak.hu\/hr\/wp-json\/wp\/v2\/pages"}],"about":[{"href":"https:\/\/www.homanablak.hu\/hr\/wp-json\/wp\/v2\/types\/page"}],"author":[{"embeddable":true,"href":"https:\/\/www.homanablak.hu\/hr\/wp-json\/wp\/v2\/users\/1"}],"replies":[{"embeddable":true,"href":"https:\/\/www.homanablak.hu\/hr\/wp-json\/wp\/v2\/comments?post=2426"}],"version-history":[{"count":0,"href":"https:\/\/www.homanablak.hu\/hr\/wp-json\/wp\/v2\/pages\/2426\/revisions"}],"up":[{"embeddable":true,"href":"https:\/\/www.homanablak.hu\/hr\/wp-json\/wp\/v2\/pages\/2423"}],"wp:attachment":[{"href":"https:\/\/www.homanablak.hu\/hr\/wp-json\/wp\/v2\/media?parent=2426"}],"curies":[{"name":"wp","href":"https:\/\/api.w.org\/{rel}","templated":true}]}}