{"id":161,"date":"2023-06-07T12:25:14","date_gmt":"2023-06-07T12:25:14","guid":{"rendered":"https:\/\/www.homanablak.hu\/?page_id=161"},"modified":"2026-01-12T11:47:12","modified_gmt":"2026-01-12T11:47:12","slug":"adatkezelesi-tajekozato","status":"publish","type":"page","link":"https:\/\/www.homanablak.hu\/hr\/adatkezelesi-tajekozato\/","title":{"rendered":"Adatkezel\u00e9si T\u00e1j\u00e9koztat\u00f3"},"content":{"rendered":"<div data-wp-interactive=\"core\/file\" class=\"wp-block-file\"><object data-wp-bind--hidden=\"!state.hasPdfPreview\" hidden class=\"wp-block-file__embed\" data=\"https:\/\/www.homanablak.hu\/files\/2026\/01\/Altalanos_szerzodesi_feltetelek_HZH-2.pdf\" type=\"application\/pdf\" style=\"width:100%;height:600px\" aria-label=\"Ugra\u0111eno Altalanos_szerzodesi_feltetelek_HZH (2).\"><\/object><a id=\"wp-block-file--media-81c27525-7656-4e19-8f81-ff404fdcb03f\" href=\"https:\/\/www.homanablak.hu\/files\/2026\/01\/Altalanos_szerzodesi_feltetelek_HZH-2.pdf\">Altalanos_szerzodesi_feltetelek_HZH (2)<\/a><a href=\"https:\/\/www.homanablak.hu\/files\/2026\/01\/Altalanos_szerzodesi_feltetelek_HZH-2.pdf\" class=\"wp-block-file__button wp-element-button\" download aria-describedby=\"wp-block-file--media-81c27525-7656-4e19-8f81-ff404fdcb03f\">Let\u00f6lt\u00e9s<\/a><\/div>","protected":false},"excerpt":{"rendered":"","protected":false},"author":1,"featured_media":0,"parent":0,"menu_order":0,"comment_status":"closed","ping_status":"closed","template":"","meta":{"_seopress_robots_primary_cat":"","_seopress_titles_title":"","_seopress_titles_desc":"","_seopress_robots_index":"","footnotes":""},"class_list":["post-161","page","type-page","status-publish","hentry"],"_links":{"self":[{"href":"https:\/\/www.homanablak.hu\/hr\/wp-json\/wp\/v2\/pages\/161","targetHints":{"allow":["GET"]}}],"collection":[{"href":"https:\/\/www.homanablak.hu\/hr\/wp-json\/wp\/v2\/pages"}],"about":[{"href":"https:\/\/www.homanablak.hu\/hr\/wp-json\/wp\/v2\/types\/page"}],"author":[{"embeddable":true,"href":"https:\/\/www.homanablak.hu\/hr\/wp-json\/wp\/v2\/users\/1"}],"replies":[{"embeddable":true,"href":"https:\/\/www.homanablak.hu\/hr\/wp-json\/wp\/v2\/comments?post=161"}],"version-history":[{"count":0,"href":"https:\/\/www.homanablak.hu\/hr\/wp-json\/wp\/v2\/pages\/161\/revisions"}],"wp:attachment":[{"href":"https:\/\/www.homanablak.hu\/hr\/wp-json\/wp\/v2\/media?parent=161"}],"curies":[{"name":"wp","href":"https:\/\/api.w.org\/{rel}","templated":true}]}}